{"id":264,"date":"2026-01-15T06:59:29","date_gmt":"2026-01-15T06:59:29","guid":{"rendered":"https:\/\/die-villa.at\/?page_id=264"},"modified":"2026-01-15T07:04:12","modified_gmt":"2026-01-15T07:04:12","slug":"konzerte","status":"publish","type":"page","link":"https:\/\/die-villa.at\/en\/konzerte\/","title":{"rendered":"Concerts"},"content":{"rendered":"<div data-elementor-type=\"wp-page\" data-elementor-id=\"264\" class=\"elementor elementor-264\" data-elementor-post-type=\"page\">\n\t\t\t\t<div class=\"elementor-element elementor-element-f9f2cd9 e-flex e-con-boxed e-con e-parent\" data-id=\"f9f2cd9\" data-element_type=\"container\" data-e-type=\"container\" data-settings=\"{&quot;background_background&quot;:&quot;classic&quot;}\">\n\t\t\t\t\t<div class=\"e-con-inner\">\n\t\t\t\t<div class=\"elementor-element elementor-element-50423b9 elementor-pagination-position-inside elementor-skin-carousel elementor-arrows-yes elementor-pagination-type-bullets elementor-invisible elementor-widget elementor-widget-media-carousel\" data-id=\"50423b9\" data-element_type=\"widget\" data-e-type=\"widget\" data-settings=\"{&quot;effect&quot;:&quot;fade&quot;,&quot;_animation&quot;:&quot;fadeIn&quot;,&quot;skin&quot;:&quot;carousel&quot;,&quot;show_arrows&quot;:&quot;yes&quot;,&quot;pagination&quot;:&quot;bullets&quot;,&quot;speed&quot;:500,&quot;autoplay&quot;:&quot;yes&quot;,&quot;autoplay_speed&quot;:5000,&quot;loop&quot;:&quot;yes&quot;,&quot;pause_on_hover&quot;:&quot;yes&quot;,&quot;pause_on_interaction&quot;:&quot;yes&quot;,&quot;space_between&quot;:{&quot;unit&quot;:&quot;px&quot;,&quot;size&quot;:10,&quot;sizes&quot;:[]},&quot;space_between_tablet&quot;:{&quot;unit&quot;:&quot;px&quot;,&quot;size&quot;:10,&quot;sizes&quot;:[]},&quot;space_between_mobile&quot;:{&quot;unit&quot;:&quot;px&quot;,&quot;size&quot;:10,&quot;sizes&quot;:[]}}\" data-widget_type=\"media-carousel.default\">\n\t\t\t\t\t\t\t\t\t\t<div class=\"elementor-main-swiper swiper\" role=\"region\" aria-roledescription=\"carousel\" aria-label=\"Slides\">\n\t\t\t\t<div class=\"swiper-wrapper\">\n\t\t\t\t\t\t\t\t\t\t\t<div class=\"swiper-slide\" role=\"group\" aria-roledescription=\"slide\">\n\t\t\t\t\t\t\t\t\t<div class=\"elementor-carousel-image\" role=\"img\" aria-label=\"01\" style=\"background-image: url(&#039;https:\/\/die-villa.at\/wp-content\/uploads\/2026\/01\/01-3.jpg&#039;)\">\n\n\t\t\t\n\t\t\t\t\t<\/div>\n\t\t\t\t\t\t\t\t<\/div>\n\t\t\t\t\t\t\t\t\t<\/div>\n\t\t\t\t\t\t\t<\/div>\n\t\t\t\t\t\t\t\t<\/div>\n\t\t\t\t\t<\/div>\n\t\t\t\t<\/div>\n\t\t<div class=\"elementor-element elementor-element-a82916c e-flex e-con-boxed e-con e-parent\" data-id=\"a82916c\" data-element_type=\"container\" data-e-type=\"container\">\n\t\t\t\t\t<div class=\"e-con-inner\">\n\t\t<div class=\"elementor-element elementor-element-4c8f202 e-con-full e-flex e-con e-child\" data-id=\"4c8f202\" data-element_type=\"container\" data-e-type=\"container\">\n\t\t\t\t<div class=\"elementor-element elementor-element-9094d3d elementor-widget elementor-widget-heading\" data-id=\"9094d3d\" data-element_type=\"widget\" data-e-type=\"widget\" data-widget_type=\"heading.default\">\n\t\t\t\t\t<h2 class=\"elementor-heading-title elementor-size-default\">Dates (Theater)\n<\/h2>\t\t\t\t<\/div>\n\t\t\t\t<div class=\"elementor-element elementor-element-cf0ae71 elementor-icon-list--layout-traditional elementor-list-item-link-full_width elementor-widget elementor-widget-icon-list\" data-id=\"cf0ae71\" data-element_type=\"widget\" data-e-type=\"widget\" data-widget_type=\"icon-list.default\">\n\t\t\t\t\t\t\t<ul class=\"elementor-icon-list-items\">\n\t\t\t\t\t\t\t<li class=\"elementor-icon-list-item\">\n\t\t\t\t\t\t\t\t\t\t\t<span class=\"elementor-icon-list-icon\">\n\t\t\t\t\t\t\t<svg aria-hidden=\"true\" class=\"e-font-icon-svg e-fas-chevron-right\" viewbox=\"0 0 320 512\" xmlns=\"http:\/\/www.w3.org\/2000\/svg\"><path d=\"M285.476 272.971L91.132 467.314c-9.373 9.373-24.569 9.373-33.941 0l-22.667-22.667c-9.357-9.357-9.375-24.522-.04-33.901L188.505 256 34.484 101.255c-9.335-9.379-9.317-24.544.04-33.901l22.667-22.667c9.373-9.373 24.569-9.373 33.941 0L285.475 239.03c9.373 9.372 9.373 24.568.001 33.941z\"><\/path><\/svg>\t\t\t\t\t\t<\/span>\n\t\t\t\t\t\t\t\t\t\t<span class=\"elementor-icon-list-text\">Terror - Staircase Theater<\/span>\n\t\t\t\t\t\t\t\t\t<\/li>\n\t\t\t\t\t\t<\/ul>\n\t\t\t\t\t\t<\/div>\n\t\t\t\t<div class=\"elementor-element elementor-element-4125eff elementor-widget elementor-widget-text-editor\" data-id=\"4125eff\" data-element_type=\"widget\" data-e-type=\"widget\" data-widget_type=\"text-editor.default\">\n\t\t\t\t\t\t\t\t\t<p>Friday, March 01, 2024<br \/>Saturday, March 02, 2024<br \/>Friday, March 08, 2024<br \/>Saturday, March 09, 2024<br \/>Sunday, March 10, 2024<\/p>\t\t\t\t\t\t\t\t<\/div>\n\t\t\t\t<div class=\"elementor-element elementor-element-f2d404f elementor-icon-list--layout-traditional elementor-list-item-link-full_width elementor-widget elementor-widget-icon-list\" data-id=\"f2d404f\" data-element_type=\"widget\" data-e-type=\"widget\" data-widget_type=\"icon-list.default\">\n\t\t\t\t\t\t\t<ul class=\"elementor-icon-list-items\">\n\t\t\t\t\t\t\t<li class=\"elementor-icon-list-item\">\n\t\t\t\t\t\t\t\t\t\t\t<a href=\"https:\/\/die-villa.at\/en\/konzerte-termine\/\">\n\n\t\t\t\t\t\t\t\t\t\t\t\t<span class=\"elementor-icon-list-icon\">\n\t\t\t\t\t\t\t<svg aria-hidden=\"true\" class=\"e-font-icon-svg e-fas-chevron-right\" viewbox=\"0 0 320 512\" xmlns=\"http:\/\/www.w3.org\/2000\/svg\"><path d=\"M285.476 272.971L91.132 467.314c-9.373 9.373-24.569 9.373-33.941 0l-22.667-22.667c-9.357-9.357-9.375-24.522-.04-33.901L188.505 256 34.484 101.255c-9.335-9.379-9.317-24.544.04-33.901l22.667-22.667c9.373-9.373 24.569-9.373 33.941 0L285.475 239.03c9.373 9.372 9.373 24.568.001 33.941z\"><\/path><\/svg>\t\t\t\t\t\t<\/span>\n\t\t\t\t\t\t\t\t\t\t<span class=\"elementor-icon-list-text\">more...<\/span>\n\t\t\t\t\t\t\t\t\t\t\t<\/a>\n\t\t\t\t\t\t\t\t\t<\/li>\n\t\t\t\t\t\t<\/ul>\n\t\t\t\t\t\t<\/div>\n\t\t\t\t<\/div>\n\t\t<div class=\"elementor-element elementor-element-c1e4c62 e-con-full e-flex e-con e-child\" data-id=\"c1e4c62\" data-element_type=\"container\" data-e-type=\"container\">\n\t\t\t\t<div class=\"elementor-element elementor-element-7cd2269 elementor-widget elementor-widget-heading\" data-id=\"7cd2269\" data-element_type=\"widget\" data-e-type=\"widget\" data-widget_type=\"heading.default\">\n\t\t\t\t\t<h2 class=\"elementor-heading-title elementor-size-default\">Concerts\n<\/h2>\t\t\t\t<\/div>\n\t\t\t\t<div class=\"elementor-element elementor-element-1aa6394 elementor-widget elementor-widget-text-editor\" data-id=\"1aa6394\" data-element_type=\"widget\" data-e-type=\"widget\" data-widget_type=\"text-editor.default\">\n\t\t\t\t\t\t\t\t\t<p>&#8220;DIE VILLA&#8221; bietet ein vielseitiges Programm von hochklassigen Konzerten in besonders stimmungsvollem Ambiente.<\/p><p>The L-shaped concert hall, which seats up to 100 people, features a large Steinway grand piano. Open-air concerts take place on the spacious south-facing terrace against a romantic natural backdrop. Refreshments are offered in the bar during the breaks. Piano recitals, chamber music, song recitals, jazz concerts, themed culinary concerts and much more - the concerts in the villa have a very special touch!<\/p>\t\t\t\t\t\t\t\t<\/div>\n\t\t\t\t<div class=\"elementor-element elementor-element-b7a3234 icn_hvr_bx elementor-widget elementor-widget-gallery\" data-id=\"b7a3234\" data-element_type=\"widget\" data-e-type=\"widget\" data-settings=\"{&quot;columns&quot;:3,&quot;gap&quot;:{&quot;unit&quot;:&quot;px&quot;,&quot;size&quot;:25,&quot;sizes&quot;:[]},&quot;gap_mobile&quot;:{&quot;unit&quot;:&quot;px&quot;,&quot;size&quot;:25,&quot;sizes&quot;:[]},&quot;aspect_ratio&quot;:&quot;4:3&quot;,&quot;lazyload&quot;:&quot;yes&quot;,&quot;gallery_layout&quot;:&quot;grid&quot;,&quot;columns_tablet&quot;:2,&quot;columns_mobile&quot;:1,&quot;gap_tablet&quot;:{&quot;unit&quot;:&quot;px&quot;,&quot;size&quot;:10,&quot;sizes&quot;:[]},&quot;link_to&quot;:&quot;file&quot;,&quot;overlay_background&quot;:&quot;yes&quot;,&quot;content_hover_animation&quot;:&quot;fade-in&quot;}\" data-widget_type=\"gallery.default\">\n\t\t\t\t\t\t\t<div class=\"elementor-gallery__container\">\n\t\t\t\t\t\t\t<a class=\"e-gallery-item elementor-gallery-item elementor-animated-content\" href=\"https:\/\/die-villa.at\/wp-content\/uploads\/2026\/01\/imgi_2_01_thumb_900x630.jpg\" data-elementor-open-lightbox=\"yes\" data-elementor-lightbox-slideshow=\"b7a3234\" data-elementor-lightbox-title=\"imgi_2_01_thumb_900x630\" data-e-action-hash=\"#elementor-action%3Aaction%3Dlightbox%26settings%3DeyJpZCI6Mjc5LCJ1cmwiOiJodHRwczpcL1wvZGllLXZpbGxhLmF0XC93cC1jb250ZW50XC91cGxvYWRzXC8yMDI2XC8wMVwvaW1naV8yXzAxX3RodW1iXzkwMHg2MzAuanBnIiwic2xpZGVzaG93IjoiYjdhMzIzNCJ9\">\n\t\t\t\t\t<div class=\"e-gallery-image elementor-gallery-item__image\" data-thumbnail=\"https:\/\/die-villa.at\/wp-content\/uploads\/2026\/01\/imgi_2_01_thumb_900x630-768x538.jpg\" data-width=\"768\" data-height=\"538\" aria-label=\"\" role=\"img\" ><\/div>\n\t\t\t\t\t\t\t\t\t\t\t<div class=\"elementor-gallery-item__overlay\"><\/div>\n\t\t\t\t\t\t\t\t\t\t\t\t\t\t<\/a>\n\t\t\t\t\t\t\t<a class=\"e-gallery-item elementor-gallery-item elementor-animated-content\" href=\"https:\/\/die-villa.at\/wp-content\/uploads\/2026\/01\/imgi_3_02_thumb_900x630.jpg\" data-elementor-open-lightbox=\"yes\" data-elementor-lightbox-slideshow=\"b7a3234\" data-elementor-lightbox-title=\"imgi_3_02_thumb_900x630\" data-e-action-hash=\"#elementor-action%3Aaction%3Dlightbox%26settings%3DeyJpZCI6MjgwLCJ1cmwiOiJodHRwczpcL1wvZGllLXZpbGxhLmF0XC93cC1jb250ZW50XC91cGxvYWRzXC8yMDI2XC8wMVwvaW1naV8zXzAyX3RodW1iXzkwMHg2MzAuanBnIiwic2xpZGVzaG93IjoiYjdhMzIzNCJ9\">\n\t\t\t\t\t<div class=\"e-gallery-image elementor-gallery-item__image\" data-thumbnail=\"https:\/\/die-villa.at\/wp-content\/uploads\/2026\/01\/imgi_3_02_thumb_900x630-768x538.jpg\" data-width=\"768\" data-height=\"538\" aria-label=\"\" role=\"img\" ><\/div>\n\t\t\t\t\t\t\t\t\t\t\t<div class=\"elementor-gallery-item__overlay\"><\/div>\n\t\t\t\t\t\t\t\t\t\t\t\t\t\t<\/a>\n\t\t\t\t\t\t\t<a class=\"e-gallery-item elementor-gallery-item elementor-animated-content\" href=\"https:\/\/die-villa.at\/wp-content\/uploads\/2026\/01\/imgi_4_03_thumb_900x630.jpg\" data-elementor-open-lightbox=\"yes\" data-elementor-lightbox-slideshow=\"b7a3234\" data-elementor-lightbox-title=\"imgi_4_03_thumb_900x630\" data-e-action-hash=\"#elementor-action%3Aaction%3Dlightbox%26settings%3DeyJpZCI6MjgxLCJ1cmwiOiJodHRwczpcL1wvZGllLXZpbGxhLmF0XC93cC1jb250ZW50XC91cGxvYWRzXC8yMDI2XC8wMVwvaW1naV80XzAzX3RodW1iXzkwMHg2MzAuanBnIiwic2xpZGVzaG93IjoiYjdhMzIzNCJ9\">\n\t\t\t\t\t<div class=\"e-gallery-image elementor-gallery-item__image\" data-thumbnail=\"https:\/\/die-villa.at\/wp-content\/uploads\/2026\/01\/imgi_4_03_thumb_900x630-768x538.jpg\" data-width=\"768\" data-height=\"538\" aria-label=\"\" role=\"img\" ><\/div>\n\t\t\t\t\t\t\t\t\t\t\t<div class=\"elementor-gallery-item__overlay\"><\/div>\n\t\t\t\t\t\t\t\t\t\t\t\t\t\t<\/a>\n\t\t\t\t\t\t\t<a class=\"e-gallery-item elementor-gallery-item elementor-animated-content\" href=\"https:\/\/die-villa.at\/wp-content\/uploads\/2026\/01\/imgi_6_05_thumb_900x630.jpg\" data-elementor-open-lightbox=\"yes\" data-elementor-lightbox-slideshow=\"b7a3234\" data-elementor-lightbox-title=\"imgi_6_05_thumb_900x630\" data-e-action-hash=\"#elementor-action%3Aaction%3Dlightbox%26settings%3DeyJpZCI6MjgzLCJ1cmwiOiJodHRwczpcL1wvZGllLXZpbGxhLmF0XC93cC1jb250ZW50XC91cGxvYWRzXC8yMDI2XC8wMVwvaW1naV82XzA1X3RodW1iXzkwMHg2MzAuanBnIiwic2xpZGVzaG93IjoiYjdhMzIzNCJ9\">\n\t\t\t\t\t<div class=\"e-gallery-image elementor-gallery-item__image\" data-thumbnail=\"https:\/\/die-villa.at\/wp-content\/uploads\/2026\/01\/imgi_6_05_thumb_900x630-768x538.jpg\" data-width=\"768\" data-height=\"538\" aria-label=\"\" role=\"img\" ><\/div>\n\t\t\t\t\t\t\t\t\t\t\t<div class=\"elementor-gallery-item__overlay\"><\/div>\n\t\t\t\t\t\t\t\t\t\t\t\t\t\t<\/a>\n\t\t\t\t\t\t\t<a class=\"e-gallery-item elementor-gallery-item elementor-animated-content\" href=\"https:\/\/die-villa.at\/wp-content\/uploads\/2026\/01\/imgi_8_07_thumb_900x630.jpg\" data-elementor-open-lightbox=\"yes\" data-elementor-lightbox-slideshow=\"b7a3234\" data-elementor-lightbox-title=\"imgi_8_07_thumb_900x630\" data-e-action-hash=\"#elementor-action%3Aaction%3Dlightbox%26settings%3DeyJpZCI6Mjc4LCJ1cmwiOiJodHRwczpcL1wvZGllLXZpbGxhLmF0XC93cC1jb250ZW50XC91cGxvYWRzXC8yMDI2XC8wMVwvaW1naV84XzA3X3RodW1iXzkwMHg2MzAuanBnIiwic2xpZGVzaG93IjoiYjdhMzIzNCJ9\">\n\t\t\t\t\t<div class=\"e-gallery-image elementor-gallery-item__image\" data-thumbnail=\"https:\/\/die-villa.at\/wp-content\/uploads\/2026\/01\/imgi_8_07_thumb_900x630-768x538.jpg\" data-width=\"768\" data-height=\"538\" aria-label=\"\" role=\"img\" ><\/div>\n\t\t\t\t\t\t\t\t\t\t\t<div class=\"elementor-gallery-item__overlay\"><\/div>\n\t\t\t\t\t\t\t\t\t\t\t\t\t\t<\/a>\n\t\t\t\t\t\t\t<a class=\"e-gallery-item elementor-gallery-item elementor-animated-content\" href=\"https:\/\/die-villa.at\/wp-content\/uploads\/2026\/01\/imgi_7_06_thumb_900x630.jpg\" data-elementor-open-lightbox=\"yes\" data-elementor-lightbox-slideshow=\"b7a3234\" data-elementor-lightbox-title=\"imgi_7_06_thumb_900x630\" data-e-action-hash=\"#elementor-action%3Aaction%3Dlightbox%26settings%3DeyJpZCI6Mjg0LCJ1cmwiOiJodHRwczpcL1wvZGllLXZpbGxhLmF0XC93cC1jb250ZW50XC91cGxvYWRzXC8yMDI2XC8wMVwvaW1naV83XzA2X3RodW1iXzkwMHg2MzAuanBnIiwic2xpZGVzaG93IjoiYjdhMzIzNCJ9\">\n\t\t\t\t\t<div class=\"e-gallery-image elementor-gallery-item__image\" data-thumbnail=\"https:\/\/die-villa.at\/wp-content\/uploads\/2026\/01\/imgi_7_06_thumb_900x630-768x538.jpg\" data-width=\"768\" data-height=\"538\" aria-label=\"\" role=\"img\" ><\/div>\n\t\t\t\t\t\t\t\t\t\t\t<div class=\"elementor-gallery-item__overlay\"><\/div>\n\t\t\t\t\t\t\t\t\t\t\t\t\t\t<\/a>\n\t\t\t\t\t\t\t<a class=\"e-gallery-item elementor-gallery-item elementor-animated-content\" href=\"https:\/\/die-villa.at\/wp-content\/uploads\/2026\/01\/imgi_5_04_thumb_900x630.jpg\" data-elementor-open-lightbox=\"yes\" data-elementor-lightbox-slideshow=\"b7a3234\" data-elementor-lightbox-title=\"imgi_5_04_thumb_900x630\" data-e-action-hash=\"#elementor-action%3Aaction%3Dlightbox%26settings%3DeyJpZCI6Mjg1LCJ1cmwiOiJodHRwczpcL1wvZGllLXZpbGxhLmF0XC93cC1jb250ZW50XC91cGxvYWRzXC8yMDI2XC8wMVwvaW1naV81XzA0X3RodW1iXzkwMHg2MzAuanBnIiwic2xpZGVzaG93IjoiYjdhMzIzNCJ9\">\n\t\t\t\t\t<div class=\"e-gallery-image elementor-gallery-item__image\" data-thumbnail=\"https:\/\/die-villa.at\/wp-content\/uploads\/2026\/01\/imgi_5_04_thumb_900x630-768x538.jpg\" data-width=\"768\" data-height=\"538\" aria-label=\"\" role=\"img\" ><\/div>\n\t\t\t\t\t\t\t\t\t\t\t<div class=\"elementor-gallery-item__overlay\"><\/div>\n\t\t\t\t\t\t\t\t\t\t\t\t\t\t<\/a>\n\t\t\t\t\t\t\t<a class=\"e-gallery-item elementor-gallery-item elementor-animated-content\" href=\"https:\/\/die-villa.at\/wp-content\/uploads\/2026\/01\/imgi_9_08_thumb_900x630.jpg\" data-elementor-open-lightbox=\"yes\" data-elementor-lightbox-slideshow=\"b7a3234\" data-elementor-lightbox-title=\"imgi_9_08_thumb_900x630\" data-e-action-hash=\"#elementor-action%3Aaction%3Dlightbox%26settings%3DeyJpZCI6MjgyLCJ1cmwiOiJodHRwczpcL1wvZGllLXZpbGxhLmF0XC93cC1jb250ZW50XC91cGxvYWRzXC8yMDI2XC8wMVwvaW1naV85XzA4X3RodW1iXzkwMHg2MzAuanBnIiwic2xpZGVzaG93IjoiYjdhMzIzNCJ9\">\n\t\t\t\t\t<div class=\"e-gallery-image elementor-gallery-item__image\" data-thumbnail=\"https:\/\/die-villa.at\/wp-content\/uploads\/2026\/01\/imgi_9_08_thumb_900x630-768x538.jpg\" data-width=\"768\" data-height=\"538\" aria-label=\"\" role=\"img\" ><\/div>\n\t\t\t\t\t\t\t\t\t\t\t<div class=\"elementor-gallery-item__overlay\"><\/div>\n\t\t\t\t\t\t\t\t\t\t\t\t\t\t<\/a>\n\t\t\t\t\t<\/div>\n\t\t\t\t\t<\/div>\n\t\t\t\t<\/div>\n\t\t\t\t\t<\/div>\n\t\t\t\t<\/div>\n\t\t\t\t<\/div>","protected":false},"excerpt":{"rendered":"<p>Termine (Theater) Terror &#8211; Treppenhaustheater Freitag, 01. M\u00e4rz 2024Samstag, 02. M\u00e4rz 2024Freitag, 08. M\u00e4rz 2024Samstag, 09. M\u00e4rz 2024Soontag, 10. M\u00e4rz 2024 mehr&#8230; Konzerte &#8220;DIE VILLA&#8221; bietet ein vielseitiges Programm von hochklassigen Konzerten in besonders stimmungsvollem Ambiente. Im L-f\u00f6rmigen Konzertsaal, der Platz f\u00fcr bis zu 100 Personen bietet, steht ein gro\u00dfer Steinway-Fl\u00fcgel. Auf der ger\u00e4umigen S\u00fcdterrasse [&hellip;]<\/p>\n","protected":false},"author":2,"featured_media":0,"parent":0,"menu_order":0,"comment_status":"closed","ping_status":"closed","template":"elementor_header_footer","meta":{"footnotes":""},"class_list":["post-264","page","type-page","status-publish","hentry"],"_links":{"self":[{"href":"https:\/\/die-villa.at\/en\/wp-json\/wp\/v2\/pages\/264","targetHints":{"allow":["GET"]}}],"collection":[{"href":"https:\/\/die-villa.at\/en\/wp-json\/wp\/v2\/pages"}],"about":[{"href":"https:\/\/die-villa.at\/en\/wp-json\/wp\/v2\/types\/page"}],"author":[{"embeddable":true,"href":"https:\/\/die-villa.at\/en\/wp-json\/wp\/v2\/users\/2"}],"replies":[{"embeddable":true,"href":"https:\/\/die-villa.at\/en\/wp-json\/wp\/v2\/comments?post=264"}],"version-history":[{"count":16,"href":"https:\/\/die-villa.at\/en\/wp-json\/wp\/v2\/pages\/264\/revisions"}],"predecessor-version":[{"id":288,"href":"https:\/\/die-villa.at\/en\/wp-json\/wp\/v2\/pages\/264\/revisions\/288"}],"wp:attachment":[{"href":"https:\/\/die-villa.at\/en\/wp-json\/wp\/v2\/media?parent=264"}],"curies":[{"name":"wp","href":"https:\/\/api.w.org\/{rel}","templated":true}]}}